{"id":21,"date":"2025-01-22T10:12:40","date_gmt":"2025-01-22T03:12:40","guid":{"rendered":"https:\/\/ok36539.org\/?page_id=21"},"modified":"2025-01-22T10:12:40","modified_gmt":"2025-01-22T03:12:40","slug":"ok36539-com","status":"publish","type":"page","link":"https:\/\/ok36539.org\/","title":{"rendered":"Ok36539 Com: Trang ch\u1ee7 \u0110\u0103ng nh\u1eadp, T\u1ea3i App ch\u00ednh th\u1ee9c 2025"},"content":{"rendered":"<p><strong>Ok36539 Com<\/strong> l\u00e0 trang ch\u1ee7 ch\u00ednh th\u1ee9c \u0111\u0103ng nh\u1eadp v\u00e0o h\u1ec7 th\u1ed1ng c\u00e1 c\u01b0\u1ee3c c\u1ee7a Nh\u00e0 c\u00e1i ok365. Th\u01b0\u01a1ng hi\u1ec7u \u0111ang r\u1ea5t Hot tr\u00ean th\u1ecb tr\u01b0\u1eddng hi\u1ec7n nay v\u1edbi \u0111\u1ea7y \u0111\u1ee7 c\u00e1c danh m\u1ee5c tr\u00f2 ch\u01a1i ph\u1ed5 bi\u1ebfn g\u1ed3m: k\u00e8o nh\u00e0 c\u00e1i, b\u1eafn c\u00e1, n\u1ed5 h\u0169, casino, \u0111\u00e1 g\u00e0 v\u00e0 x\u1ed5 s\u1ed1.<\/p>\n<figure id=\"attachment_6\" aria-describedby=\"caption-attachment-6\" style=\"width: 1910px\" class=\"wp-caption aligncenter\"><img loading=\"lazy\" decoding=\"async\" class=\"wp-image-6 size-full\" src=\"https:\/\/ok36539.org\/wp-content\/uploads\/2025\/01\/dang-ky-ok36539-com-nhan-88k.webp\" alt=\"C\u00e1 c\u01b0\u1ee3c ok36539.com\" width=\"1920\" height=\"606\" srcset=\"https:\/\/ok36539.org\/wp-content\/uploads\/2025\/01\/dang-ky-ok36539-com-nhan-88k.webp 1920w, https:\/\/ok36539.org\/wp-content\/uploads\/2025\/01\/dang-ky-ok36539-com-nhan-88k-300x95.webp 300w, https:\/\/ok36539.org\/wp-content\/uploads\/2025\/01\/dang-ky-ok36539-com-nhan-88k-1024x323.webp 1024w, https:\/\/ok36539.org\/wp-content\/uploads\/2025\/01\/dang-ky-ok36539-com-nhan-88k-768x242.webp 768w, https:\/\/ok36539.org\/wp-content\/uploads\/2025\/01\/dang-ky-ok36539-com-nhan-88k-1536x485.webp 1536w, https:\/\/ok36539.org\/wp-content\/uploads\/2025\/01\/dang-ky-ok36539-com-nhan-88k-127x40.webp 127w, https:\/\/ok36539.org\/wp-content\/uploads\/2025\/01\/dang-ky-ok36539-com-nhan-88k-101x32.webp 101w, https:\/\/ok36539.org\/wp-content\/uploads\/2025\/01\/dang-ky-ok36539-com-nhan-88k-222x70.webp 222w, https:\/\/ok36539.org\/wp-content\/uploads\/2025\/01\/dang-ky-ok36539-com-nhan-88k-253x80.webp 253w, https:\/\/ok36539.org\/wp-content\/uploads\/2025\/01\/dang-ky-ok36539-com-nhan-88k-428x135.webp 428w\" sizes=\"auto, (max-width: 1920px) 100vw, 1920px\" \/><figcaption id=\"caption-attachment-6\" class=\"wp-caption-text\">\u0110\u0103ng k\u00fd h\u1ed9i vi\u00ean<\/figcaption><\/figure>\n<p>\u0110\u0103ng k\u00fd c\u00e1 c\u01b0\u1ee3c h\u1ed9i vi\u00ean s\u1ebd \u0111\u01b0\u1ee3c h\u01b0\u1edfng nhi\u1ec1u khuy\u1ebfn m\u00e3i h\u1ea5p d\u1eabn:<\/p>\n<ul>\n<li>N\u1ea1p \u0111\u1ea7u 50k t\u1eb7ng t\u1edbi 8888k.<\/li>\n<li>T\u1ea3i App Ok36539.com t\u1eb7ng 88k mi\u1ec5n ph\u00ed.<\/li>\n<li>B\u00e3o l\u00ec x\u00ec m\u1ed7i ng\u00e0y v\u00e0o 13h.<\/li>\n<li>Ng\u00e0y t\u1ebft \u00e2m l\u1ecbch 1\/1\/2025 t\u1eb7ng mi\u1ec5n ph\u00ed code 8000 t\u1ef7.<\/li>\n<\/ul>\n","protected":false},"excerpt":{"rendered":"<p>Ok36539 Com l\u00e0 trang ch\u1ee7 ch\u00ednh th\u1ee9c \u0111\u0103ng nh\u1eadp v\u00e0o h\u1ec7 th\u1ed1ng c\u00e1 c\u01b0\u1ee3c c\u1ee7a Nh\u00e0 c\u00e1i ok365. Th\u01b0\u01a1ng hi\u1ec7u \u0111ang r\u1ea5t Hot tr\u00ean th\u1ecb tr\u01b0\u1eddng hi\u1ec7n nay v\u1edbi \u0111\u1ea7y \u0111\u1ee7 c\u00e1c danh m\u1ee5c tr\u00f2 ch\u01a1i ph\u1ed5 bi\u1ebfn g\u1ed3m: k\u00e8o nh\u00e0 c\u00e1i, b\u1eafn c\u00e1, n\u1ed5 h\u0169, casino, \u0111\u00e1 g\u00e0 v\u00e0 x\u1ed5 s\u1ed1. \u0110\u0103ng k\u00fd c\u00e1 [&hellip;]<\/p>\n","protected":false},"author":1,"featured_media":0,"parent":0,"menu_order":0,"comment_status":"closed","ping_status":"closed","template":"","meta":{"footnotes":""},"class_list":["post-21","page","type-page","status-publish","hentry"],"_links":{"self":[{"href":"https:\/\/ok36539.org\/index.php?rest_route=\/wp\/v2\/pages\/21","targetHints":{"allow":["GET"]}}],"collection":[{"href":"https:\/\/ok36539.org\/index.php?rest_route=\/wp\/v2\/pages"}],"about":[{"href":"https:\/\/ok36539.org\/index.php?rest_route=\/wp\/v2\/types\/page"}],"author":[{"embeddable":true,"href":"https:\/\/ok36539.org\/index.php?rest_route=\/wp\/v2\/users\/1"}],"replies":[{"embeddable":true,"href":"https:\/\/ok36539.org\/index.php?rest_route=%2Fwp%2Fv2%2Fcomments&post=21"}],"version-history":[{"count":1,"href":"https:\/\/ok36539.org\/index.php?rest_route=\/wp\/v2\/pages\/21\/revisions"}],"predecessor-version":[{"id":22,"href":"https:\/\/ok36539.org\/index.php?rest_route=\/wp\/v2\/pages\/21\/revisions\/22"}],"wp:attachment":[{"href":"https:\/\/ok36539.org\/index.php?rest_route=%2Fwp%2Fv2%2Fmedia&parent=21"}],"curies":[{"name":"wp","href":"https:\/\/api.w.org\/{rel}","templated":true}]}}